{"id":5386,"date":"2023-05-27T15:49:01","date_gmt":"2023-05-27T15:49:01","guid":{"rendered":"http:\/\/hes-solar.com\/?page_id=5386"},"modified":"2024-04-09T09:01:57","modified_gmt":"2024-04-09T09:01:57","slug":"aviso-legal","status":"publish","type":"page","link":"https:\/\/hes-solar.com\/?page_id=5386","title":{"rendered":"Aviso legal"},"content":{"rendered":"<h2><strong>Aviso legal<\/strong><\/h2>\n<p>Bienvenido a la p\u00e1gina web de Hes-Solar<\/p>\n<p>A continuaci\u00f3n, le exponemos las condiciones de uso de esta p\u00e1gina WEB. La navegaci\u00f3n por esta p\u00e1gina WEB le otorga el rol de usuario de la misma y, por tanto, acepta las cl\u00e1usulas detalladas en este documento.<\/p>\n<p><em><u>1- IDENTIFICACI\u00d3N<\/u><\/em><\/p>\n<p>De conformidad con lo que dispone el art\u00edculo 10 de la Ley 34\/2002, de 11 de julio, de Servicios de Sociedad de la Informaci\u00f3n y Comercio Electr\u00f3nico, se informa que DOMINIO WEB www.hes-solar.com es un dominio de la empresa Hes-Solar 2021, S.L con domicilio social en Avinguda del Nord, 49 Nau 6 &#8211; 17480 \u2013 Roses (Girona) \u2013 Espa\u00f1a\u00a0 y con tel\u00e9fono +34 972255118<\/p>\n<p>La sociedad se denomina Hes-Solar 2021, S.L con CIF:\u00a0 B16896847 que figura inscrita en el Registro Mercantil de Girona, Tomo 03352, Folio 033 Hoja GI-00069072<\/p>\n<p><em><u>2- NORMAS DE UTILIZACI\u00d3N<\/u><\/em><\/p>\n<p>El Usuario se compromete a hacer un uso adecuado y l\u00edcito del Sitio Web as\u00ed como de los contenidos y servicios, de conformidad con la legislaci\u00f3n aplicable en cada momento,\u00a0 la moral y buenas costumbres generalmente aceptadas y\u00a0 el orden p\u00fablico.<\/p>\n<p>Queda prohibido realizar, por su parte, cualquier acci\u00f3n que pueda provocar alteraciones de los contenidos de esta WEB o un mal funcionamiento de la misma, incluyendo la introducci\u00f3n de virus o similares.<\/p>\n<p><em><u>3- PROPIEDAD INTELECTUAL<\/u><\/em><\/p>\n<p>Las p\u00e1ginas de la WEB y la informaci\u00f3n o los elementos que contiene, incluyen textos, documentos, fotograf\u00edas, dibujos, representaciones gr\u00e1ficas, bases de datos, v\u00eddeos y tambi\u00e9n logotipos, marcas, nombres comerciales, u otros signos distintivos, est\u00e1n protegidos por derechos de propiedad intelectual o industrial, de los cuales Hes-Solar 2021, S.L o las empresas de su grupo son titulares o licenciatarias leg\u00edtimas.<\/p>\n<p>Queda prohibida cualquier modalidad de explotaci\u00f3n, incluyendo cualquier tipo de reproducci\u00f3n, distribuci\u00f3n, cesi\u00f3n a terceros, comunicaci\u00f3n p\u00fablica y transformaci\u00f3n, mediante cualquier tipo de apoyo y medio, sin la autorizaci\u00f3n previa y expresa.<\/p>\n<p><em><u>4- RESPONSABILIDAD<\/u><\/em><\/p>\n<p>Nuestra intenci\u00f3n es la de ofrecer un sitio WEB que ofrezca un funcionamiento continuado y de m\u00e1xima calidad.<\/p>\n<p>De todas formas, le informamos que no podemos garantizar el acceso continuado, y que las p\u00e1ginas se puedan encontrar impedidas, o interrumpidas por factores o circunstancias ajenas a nuestra voluntad.<\/p>\n<p>Hes Solar no es responsable de la informaci\u00f3n y otros contenidos integrados en espacios o p\u00e1ginas web de terceros accesibles mediante enlaces, hiperv\u00ednculos o links.<\/p>\n<p>Hes Solar no se hace responsable de los perjuicios que se pudieran derivar, entre otros, de:<\/p>\n<ul>\n<li>Interferencias, interrupciones, fallos, omisiones, aver\u00edas telef\u00f3nicas, retrasos, bloqueos o desconexiones en el funcionamiento del sistema electr\u00f3nico, motivadas por deficiencias, sobrecargas y errores en las l\u00edneas y redes de telecomunicaciones<\/li>\n<li>Intromisiones ileg\u00edtimas mediante el uso de programas malignos de cualquier tipo y a trav\u00e9s de cualquier medio de comunicaci\u00f3n.<\/li>\n<li>Uso indebido o inadecuado del Sitio Web.<\/li>\n<li>Errores producidos por un mal funcionamiento del navegador o por el uso de versiones no actualizadas del mismo.<\/li>\n<\/ul>\n<p>EL usuario, en caso de causar da\u00f1os y perjuicios por un uso il\u00edcito o incorrecto de este sitio WEB, podr\u00e1 ser reclamado de los da\u00f1os o perjuicios causados.<\/p>\n<p>Asimismo, el usuario responder\u00e1 frente a cualquier da\u00f1o y perjuicio, que se derive del uso por su parte de \u201crobots\u201d, \u201cspiders\u201d, \u2026 o herramientas similares empleadas con el fin de recabar o extraer datos o de cualquier otra actuaci\u00f3n por su parte que imponga una carga irrazonable sobre el funcionamiento del Sitio Web.<\/p>\n<p><em><u>5\u2013 Legislaci\u00f3n<\/u><\/em><\/p>\n<p>Cualquier controversia que surja o guarde relaci\u00f3n con el uso de la p\u00e1gina web ser\u00e1 sometida a la jurisdicci\u00f3n no exclusiva de los juzgados y tribunales espa\u00f1oles.<\/p>\n","protected":false},"excerpt":{"rendered":"<p> [&hellip;]<\/p>\n","protected":false},"author":1,"featured_media":0,"parent":0,"menu_order":0,"comment_status":"closed","ping_status":"open","template":"","meta":{"footnotes":""},"class_list":["post-5386","page","type-page","status-publish","hentry"],"_links":{"self":[{"href":"https:\/\/hes-solar.com\/index.php?rest_route=\/wp\/v2\/pages\/5386","targetHints":{"allow":["GET"]}}],"collection":[{"href":"https:\/\/hes-solar.com\/index.php?rest_route=\/wp\/v2\/pages"}],"about":[{"href":"https:\/\/hes-solar.com\/index.php?rest_route=\/wp\/v2\/types\/page"}],"author":[{"embeddable":true,"href":"https:\/\/hes-solar.com\/index.php?rest_route=\/wp\/v2\/users\/1"}],"replies":[{"embeddable":true,"href":"https:\/\/hes-solar.com\/index.php?rest_route=%2Fwp%2Fv2%2Fcomments&post=5386"}],"version-history":[{"count":3,"href":"https:\/\/hes-solar.com\/index.php?rest_route=\/wp\/v2\/pages\/5386\/revisions"}],"predecessor-version":[{"id":5515,"href":"https:\/\/hes-solar.com\/index.php?rest_route=\/wp\/v2\/pages\/5386\/revisions\/5515"}],"wp:attachment":[{"href":"https:\/\/hes-solar.com\/index.php?rest_route=%2Fwp%2Fv2%2Fmedia&parent=5386"}],"curies":[{"name":"wp","href":"https:\/\/api.w.org\/{rel}","templated":true}]}}